{"id":1026,"date":"2023-10-13T16:18:05","date_gmt":"2023-10-13T12:48:05","guid":{"rendered":"https:\/\/armansun.co\/kurulu-ve-duragan-endustriyel-birimlerin-yeniden-canlandirilmasi-ve-devreye-alinmasi\/"},"modified":"2023-10-13T16:18:05","modified_gmt":"2023-10-13T12:48:05","slug":"kurulu-ve-duragan-endustriyel-birimlerin-yeniden-canlandirilmasi-ve-devreye-alinmasi","status":"publish","type":"page","link":"https:\/\/armansun.co\/tr\/arman-sanin-hizmetleri\/kurulu-ve-duragan-endustriyel-birimlerin-yeniden-canlandirilmasi-ve-devreye-alinmasi\/","title":{"rendered":"Kurulu ve dura\u011fan end\u00fcstriyel birimlerin yeniden canland\u0131r\u0131lmas\u0131 ve devreye al\u0131nmas\u0131"},"content":{"rendered":"<p>Yak\u0131nda gelecek&#8230;<\/p>\n","protected":false},"excerpt":{"rendered":"<p>Yak\u0131nda gelecek&#8230;<\/p>\n","protected":false},"author":1,"featured_media":0,"parent":1035,"menu_order":0,"comment_status":"closed","ping_status":"closed","template":"","meta":{"footnotes":""},"class_list":["post-1026","page","type-page","status-publish","hentry"],"_links":{"self":[{"href":"https:\/\/armansun.co\/tr\/wp-json\/wp\/v2\/pages\/1026","targetHints":{"allow":["GET"]}}],"collection":[{"href":"https:\/\/armansun.co\/tr\/wp-json\/wp\/v2\/pages"}],"about":[{"href":"https:\/\/armansun.co\/tr\/wp-json\/wp\/v2\/types\/page"}],"author":[{"embeddable":true,"href":"https:\/\/armansun.co\/tr\/wp-json\/wp\/v2\/users\/1"}],"replies":[{"embeddable":true,"href":"https:\/\/armansun.co\/tr\/wp-json\/wp\/v2\/comments?post=1026"}],"version-history":[{"count":0,"href":"https:\/\/armansun.co\/tr\/wp-json\/wp\/v2\/pages\/1026\/revisions"}],"up":[{"embeddable":true,"href":"https:\/\/armansun.co\/tr\/wp-json\/wp\/v2\/pages\/1035"}],"wp:attachment":[{"href":"https:\/\/armansun.co\/tr\/wp-json\/wp\/v2\/media?parent=1026"}],"curies":[{"name":"wp","href":"https:\/\/api.w.org\/{rel}","templated":true}]}}