{"id":1051,"date":"2023-10-10T16:46:59","date_gmt":"2023-10-10T13:16:59","guid":{"rendered":"https:\/\/armansun.co\/arman-sanin-hizmetleri\/web-sitesi-tasarimi-ve-programlama\/"},"modified":"2023-10-26T03:38:30","modified_gmt":"2023-10-26T00:08:30","slug":"web-sitesi-tasarimi-ve-programlama","status":"publish","type":"page","link":"https:\/\/armansun.co\/tr\/arman-sanin-hizmetleri\/web-sitesi-tasarimi-ve-programlama\/","title":{"rendered":"Web Sitesi Tasar\u0131m\u0131 ve Programlama"},"content":{"rendered":"\t\t<div data-elementor-type=\"wp-page\" data-elementor-id=\"1051\" class=\"elementor elementor-1051 elementor-330\" data-elementor-post-type=\"page\">\n\t\t\t\t\t\t<section class=\"wd-negative-gap elementor-section elementor-top-section elementor-element elementor-element-4ff1957 elementor-section-boxed elementor-section-height-default elementor-section-height-default\" data-id=\"4ff1957\" data-element_type=\"section\" data-settings=\"{&quot;background_background&quot;:&quot;classic&quot;}\">\n\t\t\t\t\t\t\t<div class=\"elementor-background-overlay\"><\/div>\n\t\t\t\t\t\t\t<div class=\"elementor-container elementor-column-gap-default\">\n\t\t\t\t\t<div class=\"elementor-column elementor-col-50 elementor-top-column elementor-element elementor-element-a356b88\" data-id=\"a356b88\" data-element_type=\"column\">\n\t\t\t<div class=\"elementor-widget-wrap elementor-element-populated\">\n\t\t\t\t\t\t<div class=\"elementor-element elementor-element-586102e2 elementor-widget elementor-widget-image\" data-id=\"586102e2\" data-element_type=\"widget\" data-widget_type=\"image.default\">\n\t\t\t\t<div class=\"elementor-widget-container\">\n\t\t\t\t\t\t\t\t\t\t\t\t\t\t\t\t<a href=\"https:\/\/www.greenskin.ir\" target=\"_blank\" rel=\"noopener\">\n\t\t\t\t\t\t\t<img loading=\"lazy\" decoding=\"async\" width=\"300\" height=\"182\" src=\"https:\/\/armansun.co\/wp-content\/uploads\/2023\/09\/GS_W300.png\" class=\"attachment-large size-large wp-image-644\" alt=\"\" \/>\t\t\t\t\t\t\t\t<\/a>\n\t\t\t\t\t\t\t\t\t\t\t\t\t\t\t<\/div>\n\t\t\t\t<\/div>\n\t\t\t\t\t<\/div>\n\t\t<\/div>\n\t\t\t\t<div class=\"elementor-column elementor-col-50 elementor-top-column elementor-element elementor-element-1e7ec5fe\" data-id=\"1e7ec5fe\" data-element_type=\"column\">\n\t\t\t<div class=\"elementor-widget-wrap elementor-element-populated\">\n\t\t\t\t\t\t<div class=\"elementor-element elementor-element-302a0429 wd-width-100 elementor-widget elementor-widget-wd_title\" data-id=\"302a0429\" data-element_type=\"widget\" data-widget_type=\"wd_title.default\">\n\t\t\t\t<div class=\"elementor-widget-container\">\n\t\t\t\t\t\t\t<div class=\"title-wrapper wd-set-mb reset-last-child wd-title-color-gradient wd-title-style-underlined wd-title-size-default text-center\">\n\n\t\t\t\n\t\t\t<div class=\"liner-continer\">\n\t\t\t\t<h1 class=\"woodmart-title-container title wd-fontsize-l\">Web Sitesi Tasar\u0131m\u0131 ve Programlama<\/h1> \n\t\t\t\t\t\t\t<\/div>\n\n\t\t\t\t\t<\/div>\n\t\t\t\t\t\t<\/div>\n\t\t\t\t<\/div>\n\t\t\t\t<div class=\"elementor-element elementor-element-2dbac63c elementor-widget__width-initial color-scheme-inherit text-left elementor-widget elementor-widget-text-editor\" data-id=\"2dbac63c\" data-element_type=\"widget\" data-widget_type=\"text-editor.default\">\n\t\t\t\t<div class=\"elementor-widget-container\">\n\t\t\t\t\t\t\t\t\t<p>Arman Sun Holding&#8217;in <a href=\"https:\/\/www.greenskin.ir\" target=\"_blank\" rel=\"noopener\">Green Skin<\/a> ile i\u015fbirli\u011fi, y\u00fcksek k\u00fcresel standartta web sitesi tasar\u0131m\u0131 ve programlama olana\u011f\u0131 yaratt\u0131.<\/p>\n<p>Ye\u015fil \u015fablon Greenskin, \u015fablonlar\u0131n kalitesinin art\u0131r\u0131lmas\u0131 ve web y\u00f6neticilerine g\u00fc\u00e7l\u00fc hizmet verilmesi amac\u0131yla 10 Temmuz 2008&#8217;de a\u00e7\u0131ld\u0131. Ye\u015fil tasar\u0131m tasar\u0131m 1000&#8217;den fazla kurumsal site, \u00f6zel kurum ve ki\u015fisel siteyi portf\u00f6y\u00fcne kaydetmi\u015ftir.<\/p>\n<p>Programlar\u0131n\u0131zda daima yenilik arars\u0131n\u0131z, tasar\u0131m ve \u00fcretimde en g\u00fcncel programlama teknolojilerini kullan\u0131rs\u0131n\u0131z.<\/p>\n<p>Greenskin ekibi, 14 y\u0131l\u0131 a\u015fk\u0131n web sitesi tasar\u0131m\u0131 ve programlama deneyiminin yan\u0131 s\u0131ra deneyimli ve g\u00fc\u00e7l\u00fc bir ekiple, eksiksiz ve kusursuz bir web sitesinin neye ihtiyac\u0131 oldu\u011funu anlamada tamamlay\u0131c\u0131m\u0131z oldu.<\/p>\n<p>Web sitesi tasar\u0131m\u0131 geleneksel i\u015fletmeler i\u00e7in bir zorunluluktur. Corona d\u00f6neminde Corona&#8217;n\u0131n yay\u0131lmas\u0131 nedeniyle geleneksel ma\u011fazalar bir\u00e7ok kez kapat\u0131ld\u0131. O zamandan beri web sitesi tasar\u0131m\u0131na ihtiya\u00e7 duyuldu, o d\u00f6nemde en iyi alternatif bu t\u00fcr i\u015fletmeler i\u00e7in en iyi alternatifti.<\/p>\n<p>\u0130ran&#8217;daki en g\u00fcncel web sitesi tasar\u0131m\u0131 referans\u0131 olan ye\u015fil \u015fablon, dinamik bir siteye ve g\u00fc\u00e7l\u00fc bir SEO&#8217;ya sahip olman\u0131za yard\u0131mc\u0131 olacakt\u0131r. Green Skin, Sarmeen Download, Apco Iran Khodro, Iran Khodro Leasing, Omid Network Astrolab Yar\u0131\u015fmas\u0131, \u0130slami Azad \u00dcniversitesi, Siyahan \u00dcniversitesi vb. gibi b\u00fcy\u00fck web siteleri tasarlad\u0131.<\/p>\n\t\t\t\t\t\t\t\t<\/div>\n\t\t\t\t<\/div>\n\t\t\t\t\t<\/div>\n\t\t<\/div>\n\t\t\t\t\t<\/div>\n\t\t<\/section>\n\t\t<div class=\"wd-negative-gap elementor-element elementor-element-8f7da96 e-flex e-con-boxed e-con e-parent\" data-id=\"8f7da96\" data-element_type=\"container\">\n\t\t\t\t\t<div class=\"e-con-inner\">\n\t\t\t\t<div class=\"elementor-element elementor-element-6f8de650 wd-width-100 elementor-widget elementor-widget-wd_title\" data-id=\"6f8de650\" data-element_type=\"widget\" data-widget_type=\"wd_title.default\">\n\t\t\t\t<div class=\"elementor-widget-container\">\n\t\t\t\t\t\t\t<div class=\"title-wrapper wd-set-mb reset-last-child wd-title-color-gradient wd-title-style-underlined wd-title-size-default text-center\">\n\n\t\t\t\n\t\t\t<div class=\"liner-continer\">\n\t\t\t\t<h1 class=\"woodmart-title-container title wd-fontsize-l\">m\u00fc\u015fterilerin bir k\u0131sm\u0131<\/h1> \n\t\t\t\t\t\t\t<\/div>\n\n\t\t\t\t\t<\/div>\n\t\t\t\t\t\t<\/div>\n\t\t\t\t<\/div>\n\t\t\t\t<div class=\"elementor-element elementor-element-486da1fe wd-width-100 elementor-widget elementor-widget-wd_images_gallery\" data-id=\"486da1fe\" data-element_type=\"widget\" data-widget_type=\"wd_images_gallery.default\">\n\t\t\t\t<div class=\"elementor-widget-container\">\n\t\t\t\t\t\t\t<div class=\"wd-images-gallery photoswipe-images wd-carousel-container\" style=\"--wd-align-items:center; --wd-justify-content:center;\">\n\t\t\t\t\t\t\t<div class=\"wd-carousel-inner\">\n\t\t\t\t\t\t<div class=\"wd-carousel wd-grid\" data-speed=\"3000\" data-wrap=\"yes\" data-autoplay=\"yes\" style=\"--wd-col-lg:5;--wd-col-md:4;--wd-col-sm:2;--wd-gap-lg:20px;--wd-gap-sm:10px;\">\n\t\t\t\t\t\t\t\t\t<div class=\"wd-carousel-wrap\">\n\t\t\t\t\t\t\t\t\t\t\t\t\t\t\t\t\t\t<div class=\"wd-gallery-item wd-carousel-item\">\n\t\t\t\t\t\t\t\t\t\t\t\t\t<a href=\"https:\/\/armansun.co\/wp-content\/uploads\/2023\/10\/logo-qb0srrarb22tpqu1wk8tbebi10quqo6ur9500fioo0.webp\" data-width=\"224\" data-height=\"112\" data-index=\"1\" data-elementor-open-lightbox=\"no\">\n\t\t\t\t\t\t\n\t\t\t\t\t\t<img loading=\"lazy\" decoding=\"async\" width=\"224\" height=\"112\" src=\"https:\/\/armansun.co\/wp-content\/uploads\/2023\/10\/logo-qb0srrarb22tpqu1wk8tbebi10quqo6ur9500fioo0.webp\" class=\"attachment-large size-large\" alt=\"logo-qb0srrarb22tpqu1wk8tbebi10quqo6ur9500fioo0\" \/>\n\t\t\t\t\t\t\t\t\t\t\t\t\t<\/a>\n\t\t\t\t\t\t\t\t\t\t\t<\/div>\n\t\t\t\t\t\t\t\t\t\t\t\t\t\t\t<div class=\"wd-gallery-item wd-carousel-item\">\n\t\t\t\t\t\t\t\t\t\t\t\t\t<a href=\"https:\/\/armansun.co\/wp-content\/uploads\/2023\/10\/sima-ps17o9knb84nvvy3812iom4hp2l9pqgepaek8z1jkw.webp\" data-width=\"224\" data-height=\"112\" data-index=\"2\" data-elementor-open-lightbox=\"no\">\n\t\t\t\t\t\t\n\t\t\t\t\t\t<img loading=\"lazy\" decoding=\"async\" width=\"224\" height=\"112\" src=\"https:\/\/armansun.co\/wp-content\/uploads\/2023\/10\/sima-ps17o9knb84nvvy3812iom4hp2l9pqgepaek8z1jkw.webp\" class=\"attachment-large size-large\" alt=\"sima-ps17o9knb84nvvy3812iom4hp2l9pqgepaek8z1jkw\" \/>\n\t\t\t\t\t\t\t\t\t\t\t\t\t<\/a>\n\t\t\t\t\t\t\t\t\t\t\t<\/div>\n\t\t\t\t\t\t\t\t\t\t\t\t\t\t\t<div class=\"wd-gallery-item wd-carousel-item\">\n\t\t\t\t\t\t\t\t\t\t\t\t\t<a href=\"https:\/\/armansun.co\/wp-content\/uploads\/2023\/10\/omid-ps17o21xsjudb090fxti4o0sxzmc05mk096oercoyo.webp\" data-width=\"224\" data-height=\"112\" data-index=\"3\" data-elementor-open-lightbox=\"no\">\n\t\t\t\t\t\t\n\t\t\t\t\t\t<img loading=\"lazy\" decoding=\"async\" width=\"224\" height=\"112\" src=\"https:\/\/armansun.co\/wp-content\/uploads\/2023\/10\/omid-ps17o21xsjudb090fxti4o0sxzmc05mk096oercoyo.webp\" class=\"attachment-large size-large\" alt=\"omid-ps17o21xsjudb090fxti4o0sxzmc05mk096oercoyo\" \/>\n\t\t\t\t\t\t\t\t\t\t\t\t\t<\/a>\n\t\t\t\t\t\t\t\t\t\t\t<\/div>\n\t\t\t\t\t\t\t\t\t\t\t\t\t\t\t<div class=\"wd-gallery-item wd-carousel-item\">\n\t\t\t\t\t\t\t\t\t\t\t\t\t<a href=\"https:\/\/armansun.co\/wp-content\/uploads\/2023\/10\/azad-ps17npu1bpdn42qrfajcq93t7zak83a1mkpd65ut7k.webp\" data-width=\"224\" data-height=\"112\" data-index=\"4\" data-elementor-open-lightbox=\"no\">\n\t\t\t\t\t\t\n\t\t\t\t\t\t<img loading=\"lazy\" decoding=\"async\" width=\"224\" height=\"112\" src=\"https:\/\/armansun.co\/wp-content\/uploads\/2023\/10\/azad-ps17npu1bpdn42qrfajcq93t7zak83a1mkpd65ut7k.webp\" class=\"attachment-large size-large\" alt=\"azad-ps17npu1bpdn42qrfajcq93t7zak83a1mkpd65ut7k\" \/>\n\t\t\t\t\t\t\t\t\t\t\t\t\t<\/a>\n\t\t\t\t\t\t\t\t\t\t\t<\/div>\n\t\t\t\t\t\t\t\t\t\t\t\t\t\t\t<div class=\"wd-gallery-item wd-carousel-item\">\n\t\t\t\t\t\t\t\t\t\t\t\t\t<a href=\"https:\/\/armansun.co\/wp-content\/uploads\/2023\/10\/azadteach-ps17nrpppdg7rao14bclv8mqer1anhhiau0c4ps0v4.webp\" data-width=\"224\" data-height=\"112\" data-index=\"5\" data-elementor-open-lightbox=\"no\">\n\t\t\t\t\t\t\n\t\t\t\t\t\t<img loading=\"lazy\" decoding=\"async\" width=\"224\" height=\"112\" src=\"https:\/\/armansun.co\/wp-content\/uploads\/2023\/10\/azadteach-ps17nrpppdg7rao14bclv8mqer1anhhiau0c4ps0v4.webp\" class=\"attachment-large size-large\" alt=\"azadteach-ps17nrpppdg7rao14bclv8mqer1anhhiau0c4ps0v4\" \/>\n\t\t\t\t\t\t\t\t\t\t\t\t\t<\/a>\n\t\t\t\t\t\t\t\t\t\t\t<\/div>\n\t\t\t\t\t\t\t\t\t\t\t\t\t\t\t<div class=\"wd-gallery-item wd-carousel-item\">\n\t\t\t\t\t\t\t\t\t\t\t\t\t<a href=\"https:\/\/armansun.co\/wp-content\/uploads\/2023\/10\/elmik-ps17nuj89vk2q4jxnukhkpx46wneakspb7yskjnucg.webp\" data-width=\"224\" data-height=\"112\" data-index=\"6\" data-elementor-open-lightbox=\"no\">\n\t\t\t\t\t\t\n\t\t\t\t\t\t<img loading=\"lazy\" decoding=\"async\" width=\"224\" height=\"112\" src=\"https:\/\/armansun.co\/wp-content\/uploads\/2023\/10\/elmik-ps17nuj89vk2q4jxnukhkpx46wneakspb7yskjnucg.webp\" class=\"attachment-large size-large\" alt=\"elmik-ps17nuj89vk2q4jxnukhkpx46wneakspb7yskjnucg\" \/>\n\t\t\t\t\t\t\t\t\t\t\t\t\t<\/a>\n\t\t\t\t\t\t\t\t\t\t\t<\/div>\n\t\t\t\t\t\t\t\t\t\t\t\t\t\t\t<div class=\"wd-gallery-item wd-carousel-item\">\n\t\t\t\t\t\t\t\t\t\t\t\t\t<a href=\"https:\/\/armansun.co\/wp-content\/uploads\/2023\/10\/sayyahan-ps17o6r4qq0sx226ohumz4u3wwz62n57owg3t55q3k.webp\" data-width=\"224\" data-height=\"112\" data-index=\"7\" data-elementor-open-lightbox=\"no\">\n\t\t\t\t\t\t\n\t\t\t\t\t\t<img loading=\"lazy\" decoding=\"async\" width=\"224\" height=\"112\" src=\"https:\/\/armansun.co\/wp-content\/uploads\/2023\/10\/sayyahan-ps17o6r4qq0sx226ohumz4u3wwz62n57owg3t55q3k.webp\" class=\"attachment-large size-large\" alt=\"sayyahan-ps17o6r4qq0sx226ohumz4u3wwz62n57owg3t55q3k\" \/>\n\t\t\t\t\t\t\t\t\t\t\t\t\t<\/a>\n\t\t\t\t\t\t\t\t\t\t\t<\/div>\n\t\t\t\t\t\t\t\t\t\t\t\t\t\t\t<div class=\"wd-gallery-item wd-carousel-item\">\n\t\t\t\t\t\t\t\t\t\t\t\t\t<a href=\"https:\/\/armansun.co\/wp-content\/uploads\/2023\/10\/javan-ps17nyal17p80keh1w6zuoyykg4v5d7mnqkqhni9nk.webp\" data-width=\"224\" data-height=\"112\" data-index=\"8\" data-elementor-open-lightbox=\"no\">\n\t\t\t\t\t\t\n\t\t\t\t\t\t<img loading=\"lazy\" decoding=\"async\" width=\"224\" height=\"112\" src=\"https:\/\/armansun.co\/wp-content\/uploads\/2023\/10\/javan-ps17nyal17p80keh1w6zuoyykg4v5d7mnqkqhni9nk.webp\" class=\"attachment-large size-large\" alt=\"javan-ps17nyal17p80keh1w6zuoyykg4v5d7mnqkqhni9nk\" \/>\n\t\t\t\t\t\t\t\t\t\t\t\t\t<\/a>\n\t\t\t\t\t\t\t\t\t\t\t<\/div>\n\t\t\t\t\t\t\t\t\t\t\t\t\t\t\t<div class=\"wd-gallery-item wd-carousel-item\">\n\t\t\t\t\t\t\t\t\t\t\t\t\t<a href=\"https:\/\/armansun.co\/wp-content\/uploads\/2023\/10\/likco-ps17o069evrsnsbqqx08zohvr7vlkrf3bzvpg7fhb4.webp\" data-width=\"224\" data-height=\"112\" data-index=\"9\" data-elementor-open-lightbox=\"no\">\n\t\t\t\t\t\t\n\t\t\t\t\t\t<img loading=\"lazy\" decoding=\"async\" width=\"224\" height=\"112\" src=\"https:\/\/armansun.co\/wp-content\/uploads\/2023\/10\/likco-ps17o069evrsnsbqqx08zohvr7vlkrf3bzvpg7fhb4.webp\" class=\"attachment-large size-large\" alt=\"likco-ps17o069evrsnsbqqx08zohvr7vlkrf3bzvpg7fhb4\" \/>\n\t\t\t\t\t\t\t\t\t\t\t\t\t<\/a>\n\t\t\t\t\t\t\t\t\t\t\t<\/div>\n\t\t\t\t\t\t\t\t\t\t\t\t\t\t\t<div class=\"wd-gallery-item wd-carousel-item\">\n\t\t\t\t\t\t\t\t\t\t\t\t\t<a href=\"https:\/\/armansun.co\/wp-content\/uploads\/2023\/10\/opco-ps17o3xm67wxy86a4ymr9njq4rd2fju0oihndb9wm8.webp\" data-width=\"224\" data-height=\"112\" data-index=\"10\" data-elementor-open-lightbox=\"no\">\n\t\t\t\t\t\t\n\t\t\t\t\t\t<img loading=\"lazy\" decoding=\"async\" width=\"224\" height=\"112\" src=\"https:\/\/armansun.co\/wp-content\/uploads\/2023\/10\/opco-ps17o3xm67wxy86a4ymr9njq4rd2fju0oihndb9wm8.webp\" class=\"attachment-large size-large\" alt=\"opco-ps17o3xm67wxy86a4ymr9njq4rd2fju0oihndb9wm8\" \/>\n\t\t\t\t\t\t\t\t\t\t\t\t\t<\/a>\n\t\t\t\t\t\t\t\t\t\t\t<\/div>\n\t\t\t\t\t\t\t\t\t\t\t\t\t\t\t<div class=\"wd-gallery-item wd-carousel-item\">\n\t\t\t\t\t\t\t\t\t\t\t\t\t<a href=\"https:\/\/armansun.co\/wp-content\/uploads\/2023\/10\/sd-ps17o7oyxk238o0tj099jmlkiaujac8y113laf4bxc.webp\" data-width=\"224\" data-height=\"112\" data-index=\"11\" data-elementor-open-lightbox=\"no\">\n\t\t\t\t\t\t\n\t\t\t\t\t\t<img loading=\"lazy\" decoding=\"async\" width=\"224\" height=\"112\" src=\"https:\/\/armansun.co\/wp-content\/uploads\/2023\/10\/sd-ps17o7oyxk238o0tj099jmlkiaujac8y113laf4bxc.webp\" class=\"attachment-large size-large\" alt=\"sd-ps17o7oyxk238o0tj099jmlkiaujac8y113laf4bxc\" \/>\n\t\t\t\t\t\t\t\t\t\t\t\t\t<\/a>\n\t\t\t\t\t\t\t\t\t\t\t<\/div>\n\t\t\t\t\t\t\t\t\t\t\t\t\t\t\t<div class=\"wd-gallery-item wd-carousel-item\">\n\t\t\t\t\t\t\t\t\t\t\t\t\t<a href=\"https:\/\/armansun.co\/wp-content\/uploads\/2023\/10\/catia-ps17nsnjw7hi2wmnytr8fqe704wnv6l8myntlzqmow.webp\" data-width=\"224\" data-height=\"112\" data-index=\"12\" data-elementor-open-lightbox=\"no\">\n\t\t\t\t\t\t\n\t\t\t\t\t\t<img loading=\"lazy\" decoding=\"async\" width=\"224\" height=\"112\" src=\"https:\/\/armansun.co\/wp-content\/uploads\/2023\/10\/catia-ps17nsnjw7hi2wmnytr8fqe704wnv6l8myntlzqmow.webp\" class=\"attachment-large size-large\" alt=\"catia-ps17nsnjw7hi2wmnytr8fqe704wnv6l8myntlzqmow\" \/>\n\t\t\t\t\t\t\t\t\t\t\t\t\t<\/a>\n\t\t\t\t\t\t\t\t\t\t\t<\/div>\n\t\t\t\t\t\t\t\t\t\t\t\t\t\t\t<div class=\"wd-gallery-item wd-carousel-item\">\n\t\t\t\t\t\t\t\t\t\t\t\t\t<a href=\"https:\/\/armansun.co\/wp-content\/uploads\/2023\/10\/golnamak-ps17nvh2gpld1qikicz457oksairi9wfncma1tmg68.webp\" data-width=\"224\" data-height=\"112\" data-index=\"13\" data-elementor-open-lightbox=\"no\">\n\t\t\t\t\t\t\n\t\t\t\t\t\t<img loading=\"lazy\" decoding=\"async\" width=\"224\" height=\"112\" src=\"https:\/\/armansun.co\/wp-content\/uploads\/2023\/10\/golnamak-ps17nvh2gpld1qikicz457oksairi9wfncma1tmg68.webp\" class=\"attachment-large size-large\" alt=\"golnamak-ps17nvh2gpld1qikicz457oksairi9wfncma1tmg68\" \/>\n\t\t\t\t\t\t\t\t\t\t\t\t\t<\/a>\n\t\t\t\t\t\t\t\t\t\t\t<\/div>\n\t\t\t\t\t\t\t\t\t\t\t\t\t\t\t<div class=\"wd-gallery-item wd-carousel-item\">\n\t\t\t\t\t\t\t\t\t\t\t\t\t<a href=\"https:\/\/armansun.co\/wp-content\/uploads\/2023\/10\/raha-ps17o4vgd1y89u4wzh1du5b6q58fn8xr0n54ul8ig0.webp\" data-width=\"224\" data-height=\"112\" data-index=\"14\" data-elementor-open-lightbox=\"no\">\n\t\t\t\t\t\t\n\t\t\t\t\t\t<img loading=\"lazy\" decoding=\"async\" width=\"224\" height=\"112\" src=\"https:\/\/armansun.co\/wp-content\/uploads\/2023\/10\/raha-ps17o4vgd1y89u4wzh1du5b6q58fn8xr0n54ul8ig0.webp\" class=\"attachment-large size-large\" alt=\"raha-ps17o4vgd1y89u4wzh1du5b6q58fn8xr0n54ul8ig0\" \/>\n\t\t\t\t\t\t\t\t\t\t\t\t\t<\/a>\n\t\t\t\t\t\t\t\t\t\t\t<\/div>\n\t\t\t\t\t\t\t\t\t\t\t\t\t\t\t\t<\/div>\n\t\t\t\t\t\t\t\t<\/div>\n\t\t\t\t\t\t\t\n\t\t\t\t<\/div>\n\n\t\t\t\t\t\t<div class=\"wd-nav-pagin-wrap text-center wd-style-shape wd-hide-md-sm wd-hide-sm\">\n\t\t\t<ul class=\"wd-nav-pagin\"><\/ul>\n\t\t<\/div>\n\t\t\t\t\t\t\t\t\t\t\t<\/div>\n\t\t\t\t\t\t<\/div>\n\t\t\t\t<\/div>\n\t\t\t\t\t<\/div>\n\t\t\t\t<\/div>\n\t\t\t\t<\/div>\n\t\t","protected":false},"excerpt":{"rendered":"<p>Web Sitesi Tasar\u0131m\u0131 ve Programlama Arman Sun Holding&#8217;in Green Skin ile i\u015fbirli\u011fi, y\u00fcksek k\u00fcresel standartta web sitesi tasar\u0131m\u0131 ve programlama<\/p>\n","protected":false},"author":1,"featured_media":0,"parent":1035,"menu_order":0,"comment_status":"closed","ping_status":"closed","template":"","meta":{"footnotes":""},"class_list":["post-1051","page","type-page","status-publish","hentry"],"_links":{"self":[{"href":"https:\/\/armansun.co\/tr\/wp-json\/wp\/v2\/pages\/1051","targetHints":{"allow":["GET"]}}],"collection":[{"href":"https:\/\/armansun.co\/tr\/wp-json\/wp\/v2\/pages"}],"about":[{"href":"https:\/\/armansun.co\/tr\/wp-json\/wp\/v2\/types\/page"}],"author":[{"embeddable":true,"href":"https:\/\/armansun.co\/tr\/wp-json\/wp\/v2\/users\/1"}],"replies":[{"embeddable":true,"href":"https:\/\/armansun.co\/tr\/wp-json\/wp\/v2\/comments?post=1051"}],"version-history":[{"count":2,"href":"https:\/\/armansun.co\/tr\/wp-json\/wp\/v2\/pages\/1051\/revisions"}],"predecessor-version":[{"id":1317,"href":"https:\/\/armansun.co\/tr\/wp-json\/wp\/v2\/pages\/1051\/revisions\/1317"}],"up":[{"embeddable":true,"href":"https:\/\/armansun.co\/tr\/wp-json\/wp\/v2\/pages\/1035"}],"wp:attachment":[{"href":"https:\/\/armansun.co\/tr\/wp-json\/wp\/v2\/media?parent=1051"}],"curies":[{"name":"wp","href":"https:\/\/api.w.org\/{rel}","templated":true}]}}