{"id":1054,"date":"2023-10-13T16:17:30","date_gmt":"2023-10-13T12:47:30","guid":{"rendered":"https:\/\/armansun.co\/arman-sanin-hizmetleri\/sivil-ve-yerlesim-projelerinin-tasarimi-ve-insaati\/"},"modified":"2023-10-13T16:17:30","modified_gmt":"2023-10-13T12:47:30","slug":"sivil-ve-yerlesim-projelerinin-tasarimi-ve-insaati","status":"publish","type":"page","link":"https:\/\/armansun.co\/tr\/arman-sanin-hizmetleri\/sivil-ve-yerlesim-projelerinin-tasarimi-ve-insaati\/","title":{"rendered":"Sivil ve yerle\u015fim projelerinin tasar\u0131m\u0131 ve in\u015faat\u0131"},"content":{"rendered":"<p>Yak\u0131nda gelecek&#8230;<\/p>\n","protected":false},"excerpt":{"rendered":"<p>Yak\u0131nda gelecek&#8230;<\/p>\n","protected":false},"author":1,"featured_media":0,"parent":1035,"menu_order":0,"comment_status":"closed","ping_status":"closed","template":"","meta":{"footnotes":""},"class_list":["post-1054","page","type-page","status-publish","hentry"],"_links":{"self":[{"href":"https:\/\/armansun.co\/tr\/wp-json\/wp\/v2\/pages\/1054","targetHints":{"allow":["GET"]}}],"collection":[{"href":"https:\/\/armansun.co\/tr\/wp-json\/wp\/v2\/pages"}],"about":[{"href":"https:\/\/armansun.co\/tr\/wp-json\/wp\/v2\/types\/page"}],"author":[{"embeddable":true,"href":"https:\/\/armansun.co\/tr\/wp-json\/wp\/v2\/users\/1"}],"replies":[{"embeddable":true,"href":"https:\/\/armansun.co\/tr\/wp-json\/wp\/v2\/comments?post=1054"}],"version-history":[{"count":0,"href":"https:\/\/armansun.co\/tr\/wp-json\/wp\/v2\/pages\/1054\/revisions"}],"up":[{"embeddable":true,"href":"https:\/\/armansun.co\/tr\/wp-json\/wp\/v2\/pages\/1035"}],"wp:attachment":[{"href":"https:\/\/armansun.co\/tr\/wp-json\/wp\/v2\/media?parent=1054"}],"curies":[{"name":"wp","href":"https:\/\/api.w.org\/{rel}","templated":true}]}}