{"id":1056,"date":"2023-10-10T17:32:25","date_gmt":"2023-10-10T14:02:25","guid":{"rendered":"https:\/\/armansun.co\/arman-sanin-hizmetleri\/kozmetik-urunler\/"},"modified":"2023-10-10T17:32:25","modified_gmt":"2023-10-10T14:02:25","slug":"kozmetik-urunler","status":"publish","type":"page","link":"https:\/\/armansun.co\/tr\/arman-sanin-hizmetleri\/kozmetik-urunler\/","title":{"rendered":"kozmetik \u00fcr\u00fcnler"},"content":{"rendered":"<p>Arman Sun Holding, \u0130ran&#8217;da kozmetik ve sa\u011fl\u0131k \u00fcr\u00fcnleri ithalat\u00e7\u0131s\u0131 ve \u00fcreticisidir.<\/p>\n<p>Kozmetik \u00fcr\u00fcnlerimizi do\u011frudan ve arac\u0131s\u0131z olarak siz de\u011ferli m\u00fc\u015fterilerimize ula\u015ft\u0131rmay\u0131 ama\u00e7l\u0131yoruz.<\/p>\n<p>Ba\u011flant\u0131lar\u0131m\u0131za en iyi ve en kaliteli kozmetik, cilt ve g\u00fczellik \u00fcr\u00fcnlerini tedarik etme hedefimizi belirledik.<\/p>\n<p>Kozmetik ve sa\u011fl\u0131k \u00fcr\u00fcnleri sat\u0131\u015f\u0131 alan\u0131nda uzun y\u0131llara dayanan tecr\u00fcbesi ile klinik, g\u00fczellik salonlar\u0131 ve ki\u015fisel kullan\u0131m\u0131n en iyi \u015fekilde de\u011ferlendirilmesi amac\u0131yla kaliteli ve uygun fiyatla sat\u0131\u015f\u0131n\u0131 ger\u00e7ekle\u015ftirmi\u015ftir.<\/p>\n<p>Ayr\u0131ca, geni\u015f \u00fcr\u00fcn yelpazesi, al\u0131c\u0131lar\u0131n ihtiya\u00e7 ve ilgi alanlar\u0131na g\u00f6re en iyi se\u00e7imi yapmalar\u0131na olanak tan\u0131r.<\/p>\n<p>Ortaklar\u0131m\u0131z ve al\u0131c\u0131lar\u0131m\u0131zla birlikte her ge\u00e7en g\u00fcn ilerlemeyi ve geli\u015fmeyi d\u00fc\u015f\u00fcn\u00fcyor ve bu yolda her g\u00fcn yeni ve etkili bir ad\u0131m ataca\u011f\u0131z.<\/p>\n","protected":false},"excerpt":{"rendered":"<p>Arman Sun Holding, \u0130ran&#8217;da kozmetik ve sa\u011fl\u0131k \u00fcr\u00fcnleri ithalat\u00e7\u0131s\u0131 ve \u00fcreticisidir. Kozmetik \u00fcr\u00fcnlerimizi do\u011frudan ve arac\u0131s\u0131z olarak siz de\u011ferli m\u00fc\u015fterilerimize<\/p>\n","protected":false},"author":1,"featured_media":0,"parent":1035,"menu_order":0,"comment_status":"closed","ping_status":"closed","template":"","meta":{"footnotes":""},"class_list":["post-1056","page","type-page","status-publish","hentry"],"_links":{"self":[{"href":"https:\/\/armansun.co\/tr\/wp-json\/wp\/v2\/pages\/1056","targetHints":{"allow":["GET"]}}],"collection":[{"href":"https:\/\/armansun.co\/tr\/wp-json\/wp\/v2\/pages"}],"about":[{"href":"https:\/\/armansun.co\/tr\/wp-json\/wp\/v2\/types\/page"}],"author":[{"embeddable":true,"href":"https:\/\/armansun.co\/tr\/wp-json\/wp\/v2\/users\/1"}],"replies":[{"embeddable":true,"href":"https:\/\/armansun.co\/tr\/wp-json\/wp\/v2\/comments?post=1056"}],"version-history":[{"count":0,"href":"https:\/\/armansun.co\/tr\/wp-json\/wp\/v2\/pages\/1056\/revisions"}],"up":[{"embeddable":true,"href":"https:\/\/armansun.co\/tr\/wp-json\/wp\/v2\/pages\/1035"}],"wp:attachment":[{"href":"https:\/\/armansun.co\/tr\/wp-json\/wp\/v2\/media?parent=1056"}],"curies":[{"name":"wp","href":"https:\/\/api.w.org\/{rel}","templated":true}]}}