{"id":1065,"date":"2023-10-13T16:18:38","date_gmt":"2023-10-13T12:48:38","guid":{"rendered":"https:\/\/armansun.co\/arman-sanin-hizmetleri\/metal-ve-metalik-olmayan-madenler-ve-mineral-urunler\/"},"modified":"2023-10-13T16:18:38","modified_gmt":"2023-10-13T12:48:38","slug":"metal-ve-metalik-olmayan-madenler-ve-mineral-urunler","status":"publish","type":"page","link":"https:\/\/armansun.co\/tr\/arman-sanin-hizmetleri\/metal-ve-metalik-olmayan-madenler-ve-mineral-urunler\/","title":{"rendered":"Metal ve metalik olmayan madenler ve mineral \u00fcr\u00fcnler"},"content":{"rendered":"<p>Yak\u0131nda gelecek&#8230;<\/p>\n","protected":false},"excerpt":{"rendered":"<p>Yak\u0131nda gelecek&#8230;<\/p>\n","protected":false},"author":1,"featured_media":0,"parent":1035,"menu_order":0,"comment_status":"closed","ping_status":"closed","template":"","meta":{"footnotes":""},"class_list":["post-1065","page","type-page","status-publish","hentry"],"_links":{"self":[{"href":"https:\/\/armansun.co\/tr\/wp-json\/wp\/v2\/pages\/1065","targetHints":{"allow":["GET"]}}],"collection":[{"href":"https:\/\/armansun.co\/tr\/wp-json\/wp\/v2\/pages"}],"about":[{"href":"https:\/\/armansun.co\/tr\/wp-json\/wp\/v2\/types\/page"}],"author":[{"embeddable":true,"href":"https:\/\/armansun.co\/tr\/wp-json\/wp\/v2\/users\/1"}],"replies":[{"embeddable":true,"href":"https:\/\/armansun.co\/tr\/wp-json\/wp\/v2\/comments?post=1065"}],"version-history":[{"count":0,"href":"https:\/\/armansun.co\/tr\/wp-json\/wp\/v2\/pages\/1065\/revisions"}],"up":[{"embeddable":true,"href":"https:\/\/armansun.co\/tr\/wp-json\/wp\/v2\/pages\/1035"}],"wp:attachment":[{"href":"https:\/\/armansun.co\/tr\/wp-json\/wp\/v2\/media?parent=1065"}],"curies":[{"name":"wp","href":"https:\/\/api.w.org\/{rel}","templated":true}]}}