{"id":1076,"date":"2023-09-27T14:09:37","date_gmt":"2023-09-27T10:39:37","guid":{"rendered":"https:\/\/armansun.co\/hakkimizda\/"},"modified":"2023-09-27T14:09:37","modified_gmt":"2023-09-27T10:39:37","slug":"hakkimizda","status":"publish","type":"page","link":"https:\/\/armansun.co\/tr\/hakkimizda\/","title":{"rendered":"Hakk\u0131m\u0131zda"},"content":{"rendered":"<p dir=\"ltr\" style=\"text-align: left;\"><img loading=\"lazy\" decoding=\"async\" class=\"wp-image-320 alignleft\" src=\"https:\/\/armansun.co\/wp-content\/uploads\/2023\/10\/armanlogo.webp\" alt=\"\" width=\"235\" height=\"204\" srcset=\"https:\/\/armansun.co\/wp-content\/uploads\/2023\/10\/armanlogo.webp 536w, https:\/\/armansun.co\/wp-content\/uploads\/2023\/10\/armanlogo-300x260.webp 300w\" sizes=\"auto, (max-width: 235px) 100vw, 235px\" \/><\/p>\n<p dir=\"ltr\">APIC&#8217;nin<br \/>\n(Arman Sun), \u0130ran&#8217;\u0131n \u00e7ocuklar\u0131n\u0131n d\u00fc\u015f\u00fcncesiyle d\u00fcnyadaki en son y\u00f6netsel ve teknolojik ba\u015far\u0131lardan yararlanarak ve \u0130ran&#8217;\u0131n yeteneklerinden yararlanarak uzmanla\u015fm\u0131\u015f end\u00fcstrilerde ba\u015far\u0131 ve konum kurmu\u015f bir \u00fcretim ve ticaret \u015firketidir. Y\u00f6netim, k\u00fcresel ticaret alan\u0131na girmi\u015f ve pragmatik olarak di\u011fer \u00fcreticilerle co\u011frafi s\u0131n\u0131rlara bak\u0131lmaks\u0131z\u0131n yak\u0131n bir kalite rekabeti ba\u015flatm\u0131\u015f ve bu rekabetten pay\u0131n\u0131 garantilemi\u015f, k\u00fcresel ekonomide ekonomik bir i\u015fletme olman\u0131n gururunu ya\u015famaktad\u0131r. Dinamizmin, yenili\u011fin ve d\u00f6n\u00fc\u015f\u00fcm\u00fcn d\u0131\u015f\u0131nda bir yol her y\u00f6n\u00fcyle olmuyor. &#8220;Ya de\u011fi\u015f ya yok ol&#8221; slogan\u0131n\u0131n hayata ge\u00e7irilmesini performans\u0131n\u0131n ana hedefi olarak g\u00f6r\u00fcyor.<\/p>\n<p dir=\"ltr\">APIC doktrini, bilgiye dayal\u0131 \u00e7e\u015fitli ve yenilik\u00e7i \u00fcretim, teknik ve m\u00fchendislik \u00fcr\u00fcn ve hizmetlerinin ihracat\u0131, konut yerle\u015fimleri ve in\u015faat projeleri in\u015faat\u0131, in\u015faat sekt\u00f6r\u00fcne y\u00f6nelik malzeme \u00fcretimi ve tedari\u011fi, deterjan, hijyen ve kozmetik \u00fcr\u00fcnleri \u00fcretimi (parf\u00fcm ve kolonya) ), her t\u00fcrl\u00fc otomobilin al\u0131m sat\u0131m\u0131 ve ithalat\u0131, metal ve metal olmayan madenler ile petrol ve gaz alanlar\u0131nda kat\u0131l\u0131m ve yat\u0131r\u0131m, zincir ma\u011faza ve uzmanla\u015fm\u0131\u015f restoran hizmetleri, hammadde ve yetkili \u00fcr\u00fcnlerin ithalat\u0131, sa\u011fl\u0131k sa\u011flanmas\u0131 ve klinik \u015feklinde tedavi hizmetleri Yurtd\u0131\u015f\u0131 uzmanl\u0131\u011f\u0131, ekonomik i\u015fletmelere y\u00f6netim dan\u0131\u015fmanl\u0131\u011f\u0131 &#8211; end\u00fcstriyel birimler i\u00e7in teknoloji, ekipman ve makinelerin transferi, bunlara hizmet, par\u00e7a ve hammadde sa\u011flanmas\u0131, sahada karar verici y\u00f6neticiler i\u00e7in karar verme \u00fcretim ve ticaretin bilimsel \u00e7\u00f6z\u00fcmler sunan, y\u00f6netim krizlerinden \u00e7\u0131kmay\u0131, marka geli\u015ftirmeyi ve \u00fclkeye d\u00f6viz kayna\u011f\u0131 yaratmay\u0131 ama\u00e7layan bir y\u00f6netimdir.<\/p>\n","protected":false},"excerpt":{"rendered":"<p>APIC&#8217;nin (Arman Sun), \u0130ran&#8217;\u0131n \u00e7ocuklar\u0131n\u0131n d\u00fc\u015f\u00fcncesiyle d\u00fcnyadaki en son y\u00f6netsel ve teknolojik ba\u015far\u0131lardan yararlanarak ve \u0130ran&#8217;\u0131n yeteneklerinden yararlanarak uzmanla\u015fm\u0131\u015f end\u00fcstrilerde<\/p>\n","protected":false},"author":1,"featured_media":878,"parent":0,"menu_order":0,"comment_status":"closed","ping_status":"closed","template":"","meta":{"footnotes":""},"class_list":["post-1076","page","type-page","status-publish","has-post-thumbnail","hentry"],"_links":{"self":[{"href":"https:\/\/armansun.co\/tr\/wp-json\/wp\/v2\/pages\/1076","targetHints":{"allow":["GET"]}}],"collection":[{"href":"https:\/\/armansun.co\/tr\/wp-json\/wp\/v2\/pages"}],"about":[{"href":"https:\/\/armansun.co\/tr\/wp-json\/wp\/v2\/types\/page"}],"author":[{"embeddable":true,"href":"https:\/\/armansun.co\/tr\/wp-json\/wp\/v2\/users\/1"}],"replies":[{"embeddable":true,"href":"https:\/\/armansun.co\/tr\/wp-json\/wp\/v2\/comments?post=1076"}],"version-history":[{"count":0,"href":"https:\/\/armansun.co\/tr\/wp-json\/wp\/v2\/pages\/1076\/revisions"}],"wp:featuredmedia":[{"embeddable":true,"href":"https:\/\/armansun.co\/tr\/wp-json\/wp\/v2\/media\/878"}],"wp:attachment":[{"href":"https:\/\/armansun.co\/tr\/wp-json\/wp\/v2\/media?parent=1076"}],"curies":[{"name":"wp","href":"https:\/\/api.w.org\/{rel}","templated":true}]}}