{"id":1103,"date":"2023-10-14T09:41:41","date_gmt":"2023-10-14T06:11:41","guid":{"rendered":"https:\/\/armansun.co\/mobina-sirketi\/"},"modified":"2023-10-26T03:34:12","modified_gmt":"2023-10-26T00:04:12","slug":"mobina-sirketi","status":"publish","type":"page","link":"https:\/\/armansun.co\/tr\/mobina-sirketi\/","title":{"rendered":"Mobina \u015eirketi"},"content":{"rendered":"\t\t<div data-elementor-type=\"wp-page\" data-elementor-id=\"1103\" class=\"elementor elementor-1103 elementor-571\" data-elementor-post-type=\"page\">\n\t\t\t\t\t\t<section class=\"wd-negative-gap elementor-section elementor-top-section elementor-element elementor-element-6bac6adb elementor-section-boxed elementor-section-height-default elementor-section-height-default\" data-id=\"6bac6adb\" data-element_type=\"section\" data-settings=\"{&quot;background_background&quot;:&quot;classic&quot;}\">\n\t\t\t\t\t\t\t<div class=\"elementor-background-overlay\"><\/div>\n\t\t\t\t\t\t\t<div class=\"elementor-container elementor-column-gap-default\">\n\t\t\t\t\t<div class=\"elementor-column elementor-col-50 elementor-top-column elementor-element elementor-element-5c8b27e8\" data-id=\"5c8b27e8\" data-element_type=\"column\">\n\t\t\t<div class=\"elementor-widget-wrap elementor-element-populated\">\n\t\t\t\t\t\t<div class=\"elementor-element elementor-element-19eb900d elementor-widget elementor-widget-image\" data-id=\"19eb900d\" data-element_type=\"widget\" data-widget_type=\"image.default\">\n\t\t\t\t<div class=\"elementor-widget-container\">\n\t\t\t\t\t\t\t\t\t\t\t\t\t\t\t<img loading=\"lazy\" decoding=\"async\" width=\"538\" height=\"294\" src=\"https:\/\/armansun.co\/wp-content\/uploads\/2023\/09\/mobina-1.webp\" class=\"attachment-large size-large wp-image-731\" alt=\"\" srcset=\"https:\/\/armansun.co\/wp-content\/uploads\/2023\/09\/mobina-1.webp 538w, https:\/\/armansun.co\/wp-content\/uploads\/2023\/09\/mobina-1-300x164.webp 300w\" sizes=\"auto, (max-width: 538px) 100vw, 538px\" \/>\t\t\t\t\t\t\t\t\t\t\t\t\t\t\t<\/div>\n\t\t\t\t<\/div>\n\t\t\t\t\t<\/div>\n\t\t<\/div>\n\t\t\t\t<div class=\"elementor-column elementor-col-50 elementor-top-column elementor-element elementor-element-1cfc6e91\" data-id=\"1cfc6e91\" data-element_type=\"column\">\n\t\t\t<div class=\"elementor-widget-wrap elementor-element-populated\">\n\t\t\t\t\t\t<div class=\"elementor-element elementor-element-3daf842 wd-width-100 elementor-widget elementor-widget-wd_title\" data-id=\"3daf842\" data-element_type=\"widget\" data-widget_type=\"wd_title.default\">\n\t\t\t\t<div class=\"elementor-widget-container\">\n\t\t\t\t\t\t\t<div class=\"title-wrapper wd-set-mb reset-last-child wd-title-color-gradient wd-title-style-underlined wd-title-size-default text-center\">\n\n\t\t\t\n\t\t\t<div class=\"liner-continer\">\n\t\t\t\t<h1 class=\"woodmart-title-container title wd-fontsize-l\">Mobina \u015eirketi<\/h1> \n\t\t\t\t\t\t\t<\/div>\n\n\t\t\t\t\t<\/div>\n\t\t\t\t\t\t<\/div>\n\t\t\t\t<\/div>\n\t\t\t\t<div class=\"elementor-element elementor-element-2b7cd554 elementor-widget__width-initial color-scheme-inherit text-left elementor-widget elementor-widget-text-editor\" data-id=\"2b7cd554\" data-element_type=\"widget\" data-widget_type=\"text-editor.default\">\n\t\t\t\t<div class=\"elementor-widget-container\">\n\t\t\t\t\t\t\t\t\t<p>Mobina kasabas\u0131, Mazandaran eyaletinin Nishtarud \u015fehrinin en modern turistik ve e\u011flence kasabalar\u0131ndan biridir ve 2005 y\u0131l\u0131nda bu holdingin \u015fehir kurma operasyonlar\u0131 departman\u0131n\u0131n yat\u0131r\u0131m\u0131 ile 7 hektarl\u0131k arazi sat\u0131n al\u0131narak kullan\u0131m\u0131n\u0131 de\u011fi\u015ftirerek ve yeni bir alan olu\u015fturarak kurulmu\u015ftur. yollar\u0131n temini ve in\u015fas\u0131 i\u00e7in altyap\u0131, su, elektrik, gaz, telefon, fiber optik ve Sheshdang&#8217;\u0131n bir par\u00e7as\u0131 i\u00e7in tek sayfal\u0131k m\u00fclkiyet belgelerinin edinilmesine ba\u015fland\u0131.<\/p>\n\t\t\t\t\t\t\t\t<\/div>\n\t\t\t\t<\/div>\n\t\t\t\t\t<\/div>\n\t\t<\/div>\n\t\t\t\t\t<\/div>\n\t\t<\/section>\n\t\t<div class=\"wd-negative-gap elementor-element elementor-element-afcfee2 e-flex e-con-boxed e-con e-parent\" data-id=\"afcfee2\" data-element_type=\"container\">\n\t\t\t\t\t<div class=\"e-con-inner\">\n\t\t\t\t<div class=\"elementor-element elementor-element-b4fa5cd text-right color-scheme-inherit elementor-widget elementor-widget-text-editor\" data-id=\"b4fa5cd\" data-element_type=\"widget\" data-widget_type=\"text-editor.default\">\n\t\t\t\t<div class=\"elementor-widget-container\">\n\t\t\t\t\t\t\t\t\t<p>Bu holdingin m\u00fchendislik-mimarl\u0131k ekibi, farkl\u0131 b\u00fcy\u00fckl\u00fckteki villalar\u0131n in\u015fas\u0131 i\u00e7in 10 tip plan tasarlam\u0131\u015f olup, sayg\u0131n al\u0131c\u0131lar, tasarlanan plan ve planlara g\u00f6re planlar\u0131 in\u015fa etmekle y\u00fck\u00fcml\u00fcd\u00fcr ve \u015fu anda 150 villan\u0131n %80&#8217;i in\u015faat halindedir. bu kasabada planlanm\u0131\u015f ve in\u015fa edilmi\u015ftir.. Ayr\u0131ca bu holdingin in\u015faat ve taahh\u00fct operasyon ekibi, prefabrik villa in\u015fa etme teknolojisini transfer ederek, bu komplekste T\u00fcrkiye Hakim \u015eirketi&#8217;nin kat\u0131l\u0131m\u0131yla \u00e7ok say\u0131da villa in\u015fa etmi\u015f ve Bu holdingin konut in\u015faat ve yerle\u015fim b\u00f6l\u00fcm\u00fc kat\u0131lmaya ve sat\u0131n almaya haz\u0131rd\u0131r.Arsa ve Emlak (Arsa)&#8217;n\u0131n turistik ve dinlenme kasabalar\u0131 in\u015faat\u0131, villa in\u015faat\u0131 ve kule in\u015faat\u0131 bulunmaktad\u0131r.Ayr\u0131ca bu holdingin kasaba yap\u0131 birimi in\u015faat\u0131na ba\u015flam\u0131\u015ft\u0131r. Mazandaran ili, Nishtarud \u015fehrinde bulunan 250 \u00fcniteli Setare Khazar yerle\u015fim kompleksi, 2013 y\u0131l\u0131nda 6 hektarl\u0131k arazinin sat\u0131n al\u0131nmas\u0131 ve sahiplenilmesi ve gerekli altyap\u0131 ile ilgili kullan\u0131m de\u011fi\u015fikli\u011finin yasal prosed\u00fcrlerinin y\u00fcr\u00fct\u00fclmesi ve kompleksin 200 parsele b\u00f6l\u00fcnmesiyle \u00fcnitelerden olu\u015fan in\u015faat a\u015famas\u0131na ge\u00e7ilmi\u015f ve 2004 y\u0131l\u0131nda kompleksin tamam\u0131 Farhangian Konut Kooperatif Birli\u011fi&#8217;ne devredilmi\u015ftir.Ayr\u0131ca Tahran&#8217;\u0131n 2., 5., 10. ve 22. b\u00f6lgelerinde ticari konut in\u015faat projeleri ile \u00e7ok say\u0131da ofisin in\u015faat\u0131 yap\u0131lm\u0131\u015ft\u0131r. bu holding taraf\u0131ndan y\u00fcr\u00fct\u00fclmektedir.<\/p>\n<p>Bu departman, havalimanlar\u0131, turizm, turizm ve turizm merkezleri dahil olmak \u00fczere \u00e7e\u015fitli alanlarda turistleri a\u011f\u0131rlayacak kasaba, bina, kule ve ekonomik konut komplekslerinin in\u015faat\u0131na kat\u0131lmaya haz\u0131rd\u0131r.<\/p>\n<p>Adres: Mazandaran, Nishtarud \u015fehri, Khokhedaran St., Setare St., Mobina Villa Kompleksi ve Setare Khazar Kompleksi<\/p>\n\t\t\t\t\t\t\t\t<\/div>\n\t\t\t\t<\/div>\n\t\t\t\t\t<\/div>\n\t\t\t\t<\/div>\n\t\t<div class=\"wd-negative-gap elementor-element elementor-element-1604631c e-flex e-con-boxed e-con e-parent\" data-id=\"1604631c\" data-element_type=\"container\">\n\t\t\t\t\t<div class=\"e-con-inner\">\n\t\t\t\t<div class=\"elementor-element elementor-element-18012cd0 wd-width-100 elementor-widget elementor-widget-wd_title\" data-id=\"18012cd0\" data-element_type=\"widget\" data-widget_type=\"wd_title.default\">\n\t\t\t\t<div class=\"elementor-widget-container\">\n\t\t\t\t\t\t\t<div class=\"title-wrapper wd-set-mb reset-last-child wd-title-color-gradient wd-title-style-underlined wd-title-size-default text-center\">\n\n\t\t\t\n\t\t\t<div class=\"liner-continer\">\n\t\t\t\t<h2 class=\"woodmart-title-container title wd-fontsize-l\">Foto\u011fraf Galerisi<\/h2> \n\t\t\t\t\t\t\t<\/div>\n\n\t\t\t\t\t<\/div>\n\t\t\t\t\t\t<\/div>\n\t\t\t\t<\/div>\n\t\t\t\t<div class=\"elementor-element elementor-element-42fbd789 wd-width-100 elementor-widget elementor-widget-wd_images_gallery\" data-id=\"42fbd789\" data-element_type=\"widget\" data-widget_type=\"wd_images_gallery.default\">\n\t\t\t\t<div class=\"elementor-widget-container\">\n\t\t\t\t\t\t\t<div class=\"wd-images-gallery photoswipe-images wd-carousel-container\" style=\"--wd-align-items:center; --wd-justify-content:center;\">\n\t\t\t\t\t\t\t<div class=\"wd-carousel-inner\">\n\t\t\t\t\t\t<div class=\"wd-carousel wd-grid\" data-speed=\"3000\" data-wrap=\"yes\" data-autoplay=\"yes\" style=\"--wd-col-lg:3;--wd-col-md:3;--wd-col-sm:1;--wd-gap-lg:20px;--wd-gap-sm:10px;\">\n\t\t\t\t\t\t\t\t\t<div class=\"wd-carousel-wrap\">\n\t\t\t\t\t\t\t\t\t\t\t\t\t\t\t\t\t\t<div class=\"wd-gallery-item wd-carousel-item\">\n\t\t\t\t\t\t\t\t\t\t\t\t\t<a  href=\"https:\/\/armansun.co\/wp-content\/uploads\/2023\/09\/pic-1.webp\" data-width=\"1080\" data-height=\"1080\" data-index=\"1\" data-elementor-open-lightbox=\"no\">\n\t\t\t\t\t\t\n\t\t\t\t\t\t<img loading=\"lazy\" decoding=\"async\" width=\"1024\" height=\"1024\" src=\"https:\/\/armansun.co\/wp-content\/uploads\/2023\/09\/pic-1-1024x1024.webp\" class=\"attachment-large size-large\" alt=\"pic (1)\" srcset=\"https:\/\/armansun.co\/wp-content\/uploads\/2023\/09\/pic-1-1024x1024.webp 1024w, https:\/\/armansun.co\/wp-content\/uploads\/2023\/09\/pic-1-300x300.webp 300w, https:\/\/armansun.co\/wp-content\/uploads\/2023\/09\/pic-1-150x150.webp 150w, https:\/\/armansun.co\/wp-content\/uploads\/2023\/09\/pic-1-768x768.webp 768w, https:\/\/armansun.co\/wp-content\/uploads\/2023\/09\/pic-1.webp 1080w\" sizes=\"auto, (max-width: 1024px) 100vw, 1024px\" \/>\n\t\t\t\t\t\t\t\t\t\t\t\t\t<\/a>\n\t\t\t\t\t\t\t\t\t\t\t<\/div>\n\t\t\t\t\t\t\t\t\t\t\t\t\t\t\t<div class=\"wd-gallery-item wd-carousel-item\">\n\t\t\t\t\t\t\t\t\t\t\t\t\t<a  href=\"https:\/\/armansun.co\/wp-content\/uploads\/2023\/09\/pic-2.webp\" data-width=\"1080\" data-height=\"1080\" data-index=\"2\" data-elementor-open-lightbox=\"no\">\n\t\t\t\t\t\t\n\t\t\t\t\t\t<img loading=\"lazy\" decoding=\"async\" width=\"1024\" height=\"1024\" src=\"https:\/\/armansun.co\/wp-content\/uploads\/2023\/09\/pic-2-1024x1024.webp\" class=\"attachment-large size-large\" alt=\"pic (2)\" srcset=\"https:\/\/armansun.co\/wp-content\/uploads\/2023\/09\/pic-2-1024x1024.webp 1024w, https:\/\/armansun.co\/wp-content\/uploads\/2023\/09\/pic-2-300x300.webp 300w, https:\/\/armansun.co\/wp-content\/uploads\/2023\/09\/pic-2-150x150.webp 150w, https:\/\/armansun.co\/wp-content\/uploads\/2023\/09\/pic-2-768x768.webp 768w, https:\/\/armansun.co\/wp-content\/uploads\/2023\/09\/pic-2.webp 1080w\" sizes=\"auto, (max-width: 1024px) 100vw, 1024px\" \/>\n\t\t\t\t\t\t\t\t\t\t\t\t\t<\/a>\n\t\t\t\t\t\t\t\t\t\t\t<\/div>\n\t\t\t\t\t\t\t\t\t\t\t\t\t\t\t<div class=\"wd-gallery-item wd-carousel-item\">\n\t\t\t\t\t\t\t\t\t\t\t\t\t<a  href=\"https:\/\/armansun.co\/wp-content\/uploads\/2023\/09\/pic-3.webp\" data-width=\"1080\" data-height=\"1080\" data-index=\"3\" data-elementor-open-lightbox=\"no\">\n\t\t\t\t\t\t\n\t\t\t\t\t\t<img loading=\"lazy\" decoding=\"async\" width=\"1024\" height=\"1024\" src=\"https:\/\/armansun.co\/wp-content\/uploads\/2023\/09\/pic-3-1024x1024.webp\" class=\"attachment-large size-large\" alt=\"pic (3)\" srcset=\"https:\/\/armansun.co\/wp-content\/uploads\/2023\/09\/pic-3-1024x1024.webp 1024w, https:\/\/armansun.co\/wp-content\/uploads\/2023\/09\/pic-3-300x300.webp 300w, https:\/\/armansun.co\/wp-content\/uploads\/2023\/09\/pic-3-150x150.webp 150w, https:\/\/armansun.co\/wp-content\/uploads\/2023\/09\/pic-3-768x768.webp 768w, https:\/\/armansun.co\/wp-content\/uploads\/2023\/09\/pic-3.webp 1080w\" sizes=\"auto, (max-width: 1024px) 100vw, 1024px\" \/>\n\t\t\t\t\t\t\t\t\t\t\t\t\t<\/a>\n\t\t\t\t\t\t\t\t\t\t\t<\/div>\n\t\t\t\t\t\t\t\t\t\t\t\t\t\t\t<div class=\"wd-gallery-item wd-carousel-item\">\n\t\t\t\t\t\t\t\t\t\t\t\t\t<a  href=\"https:\/\/armansun.co\/wp-content\/uploads\/2023\/09\/pic-4.webp\" data-width=\"1080\" data-height=\"524\" data-index=\"4\" data-elementor-open-lightbox=\"no\">\n\t\t\t\t\t\t\n\t\t\t\t\t\t<img loading=\"lazy\" decoding=\"async\" width=\"1024\" height=\"497\" src=\"https:\/\/armansun.co\/wp-content\/uploads\/2023\/09\/pic-4-1024x497.webp\" class=\"attachment-large size-large\" alt=\"pic (4)\" srcset=\"https:\/\/armansun.co\/wp-content\/uploads\/2023\/09\/pic-4-1024x497.webp 1024w, https:\/\/armansun.co\/wp-content\/uploads\/2023\/09\/pic-4-300x146.webp 300w, https:\/\/armansun.co\/wp-content\/uploads\/2023\/09\/pic-4-768x373.webp 768w, https:\/\/armansun.co\/wp-content\/uploads\/2023\/09\/pic-4.webp 1080w\" sizes=\"auto, (max-width: 1024px) 100vw, 1024px\" \/>\n\t\t\t\t\t\t\t\t\t\t\t\t\t<\/a>\n\t\t\t\t\t\t\t\t\t\t\t<\/div>\n\t\t\t\t\t\t\t\t\t\t\t\t\t\t\t<div class=\"wd-gallery-item wd-carousel-item\">\n\t\t\t\t\t\t\t\t\t\t\t\t\t<a  href=\"https:\/\/armansun.co\/wp-content\/uploads\/2023\/09\/pic-5.webp\" data-width=\"1080\" data-height=\"524\" data-index=\"5\" data-elementor-open-lightbox=\"no\">\n\t\t\t\t\t\t\n\t\t\t\t\t\t<img loading=\"lazy\" decoding=\"async\" width=\"1024\" height=\"497\" src=\"https:\/\/armansun.co\/wp-content\/uploads\/2023\/09\/pic-5-1024x497.webp\" class=\"attachment-large size-large\" alt=\"pic (5)\" srcset=\"https:\/\/armansun.co\/wp-content\/uploads\/2023\/09\/pic-5-1024x497.webp 1024w, https:\/\/armansun.co\/wp-content\/uploads\/2023\/09\/pic-5-300x146.webp 300w, https:\/\/armansun.co\/wp-content\/uploads\/2023\/09\/pic-5-768x373.webp 768w, https:\/\/armansun.co\/wp-content\/uploads\/2023\/09\/pic-5.webp 1080w\" sizes=\"auto, (max-width: 1024px) 100vw, 1024px\" \/>\n\t\t\t\t\t\t\t\t\t\t\t\t\t<\/a>\n\t\t\t\t\t\t\t\t\t\t\t<\/div>\n\t\t\t\t\t\t\t\t\t\t\t\t\t\t\t\t<\/div>\n\t\t\t\t\t\t\t\t<\/div>\n\t\t\t\t\t\t\t\n\t\t\t\t<\/div>\n\n\t\t\t\t\t\t<div class=\"wd-nav-pagin-wrap text-center wd-style-shape wd-hide-md-sm wd-hide-sm\">\n\t\t\t<ul class=\"wd-nav-pagin\"><\/ul>\n\t\t<\/div>\n\t\t\t\t\t\t\t\t\t\t\t<\/div>\n\t\t\t\t\t\t<\/div>\n\t\t\t\t<\/div>\n\t\t\t\t\t<\/div>\n\t\t\t\t<\/div>\n\t\t\t\t<\/div>\n\t\t","protected":false},"excerpt":{"rendered":"<p>Mobina \u015eirketi Mobina kasabas\u0131, Mazandaran eyaletinin Nishtarud \u015fehrinin en modern turistik ve e\u011flence kasabalar\u0131ndan biridir ve 2005 y\u0131l\u0131nda bu holdingin<\/p>\n","protected":false},"author":1,"featured_media":731,"parent":0,"menu_order":0,"comment_status":"closed","ping_status":"closed","template":"","meta":{"footnotes":""},"class_list":["post-1103","page","type-page","status-publish","has-post-thumbnail","hentry"],"_links":{"self":[{"href":"https:\/\/armansun.co\/tr\/wp-json\/wp\/v2\/pages\/1103","targetHints":{"allow":["GET"]}}],"collection":[{"href":"https:\/\/armansun.co\/tr\/wp-json\/wp\/v2\/pages"}],"about":[{"href":"https:\/\/armansun.co\/tr\/wp-json\/wp\/v2\/types\/page"}],"author":[{"embeddable":true,"href":"https:\/\/armansun.co\/tr\/wp-json\/wp\/v2\/users\/1"}],"replies":[{"embeddable":true,"href":"https:\/\/armansun.co\/tr\/wp-json\/wp\/v2\/comments?post=1103"}],"version-history":[{"count":2,"href":"https:\/\/armansun.co\/tr\/wp-json\/wp\/v2\/pages\/1103\/revisions"}],"predecessor-version":[{"id":1312,"href":"https:\/\/armansun.co\/tr\/wp-json\/wp\/v2\/pages\/1103\/revisions\/1312"}],"wp:featuredmedia":[{"embeddable":true,"href":"https:\/\/armansun.co\/tr\/wp-json\/wp\/v2\/media\/731"}],"wp:attachment":[{"href":"https:\/\/armansun.co\/tr\/wp-json\/wp\/v2\/media?parent=1103"}],"curies":[{"name":"wp","href":"https:\/\/api.w.org\/{rel}","templated":true}]}}